{"id":3022,"date":"2023-03-16T18:09:38","date_gmt":"2023-03-16T18:09:38","guid":{"rendered":"https:\/\/akrisworld.com\/?post_type=product&#038;p=3022"},"modified":"2024-02-28T21:08:49","modified_gmt":"2024-02-28T21:08:49","slug":"resina-cristal-ballena-franca-1","status":"publish","type":"product","link":"https:\/\/akrisworld.com\/en\/shop\/resin-art\/resina-cristal-ballena-franca-1\/","title":{"rendered":"Cuadro con resina epoxy sobre cristal y ballena franca"},"content":{"rendered":"<h1>Resina sobre cristal ballena franca<\/h1>\n<p>Vista a\u00e9rea de ballena franca en el oc\u00e9ano. Obra abstracta realizada con resina epoxy sobre cristal y ballena pintada a mano con pintura acr\u00edlica. Acabado brillante, deja pasar la luz y la doble capa de resina proporciona sensaci\u00f3n de profundidad. Lista para colgar en la pared o apoyar en una superficie plana. El marco met\u00e1lico o el soporte de madera reciclada est\u00e1 incluido. Dimensiones 13&#215;18 cm. Pieza \u00fanica y hecha a mano, por tanto puede presentar algunas imperfecciones en la superficie.<\/p>\n","protected":false},"excerpt":{"rendered":"<p>Cuadro con resina epoxy sobre cristal, vista a\u00e9rea de ballena franca nadando en el oc\u00e9ano. Listo para colgar en la pared. Dimensiones 13&#215;18 cm. El marco met\u00e1lico o el soporte de madera reciclada va incluido.<\/p>\n","protected":false},"featured_media":3027,"template":"","meta":{"site-sidebar-layout":"default","site-content-layout":"default","ast-site-content-layout":"default","site-content-style":"default","site-sidebar-style":"default","ast-global-header-display":"","ast-banner-title-visibility":"","ast-main-header-display":"","ast-hfb-above-header-display":"","ast-hfb-below-header-display":"","ast-hfb-mobile-header-display":"","site-post-title":"","ast-breadcrumbs-content":"","ast-featured-img":"","footer-sml-layout":"","ast-disable-related-posts":"","theme-transparent-header-meta":"default","adv-header-id-meta":"","stick-header-meta":"","header-above-stick-meta":"","header-main-stick-meta":"","header-below-stick-meta":"","astra-migrate-meta-layouts":"default","ast-page-background-enabled":"default","ast-page-background-meta":{"desktop":{"background-color":"var(--ast-global-color-4)","background-image":"","background-repeat":"repeat","background-position":"center center","background-size":"auto","background-attachment":"scroll","background-type":"","background-media":"","overlay-type":"","overlay-color":"","overlay-opacity":"","overlay-gradient":""},"tablet":{"background-color":"","background-image":"","background-repeat":"repeat","background-position":"center center","background-size":"auto","background-attachment":"scroll","background-type":"","background-media":"","overlay-type":"","overlay-color":"","overlay-opacity":"","overlay-gradient":""},"mobile":{"background-color":"","background-image":"","background-repeat":"repeat","background-position":"center center","background-size":"auto","background-attachment":"scroll","background-type":"","background-media":"","overlay-type":"","overlay-color":"","overlay-opacity":"","overlay-gradient":""}},"ast-content-background-meta":{"desktop":{"background-color":"var(--ast-global-color-5)","background-image":"","background-repeat":"repeat","background-position":"center center","background-size":"auto","background-attachment":"scroll","background-type":"","background-media":"","overlay-type":"","overlay-color":"","overlay-opacity":"","overlay-gradient":""},"tablet":{"background-color":"var(--ast-global-color-5)","background-image":"","background-repeat":"repeat","background-position":"center center","background-size":"auto","background-attachment":"scroll","background-type":"","background-media":"","overlay-type":"","overlay-color":"","overlay-opacity":"","overlay-gradient":""},"mobile":{"background-color":"var(--ast-global-color-5)","background-image":"","background-repeat":"repeat","background-position":"center center","background-size":"auto","background-attachment":"scroll","background-type":"","background-media":"","overlay-type":"","overlay-color":"","overlay-opacity":"","overlay-gradient":""}}},"product_brand":[],"product_cat":[36],"product_tag":[],"class_list":{"0":"post-3022","1":"product","2":"type-product","3":"status-publish","4":"has-post-thumbnail","6":"product_cat-resinas","7":"product_shipping_class-resinart","8":"desktop-align-center","9":"tablet-align-left","10":"mobile-align-left","11":"ast-product-gallery-layout-horizontal-slider","12":"ast-product-single-variable","13":"ast-product-tabs-layout-horizontal","15":"first","16":"outofstock","17":"taxable","18":"shipping-taxable","19":"purchasable","20":"product-type-variable"},"_links":{"self":[{"href":"https:\/\/akrisworld.com\/en\/wp-json\/wp\/v2\/product\/3022","targetHints":{"allow":["GET"]}}],"collection":[{"href":"https:\/\/akrisworld.com\/en\/wp-json\/wp\/v2\/product"}],"about":[{"href":"https:\/\/akrisworld.com\/en\/wp-json\/wp\/v2\/types\/product"}],"wp:featuredmedia":[{"embeddable":true,"href":"https:\/\/akrisworld.com\/en\/wp-json\/wp\/v2\/media\/3027"}],"wp:attachment":[{"href":"https:\/\/akrisworld.com\/en\/wp-json\/wp\/v2\/media?parent=3022"}],"wp:term":[{"taxonomy":"product_brand","embeddable":true,"href":"https:\/\/akrisworld.com\/en\/wp-json\/wp\/v2\/product_brand?post=3022"},{"taxonomy":"product_cat","embeddable":true,"href":"https:\/\/akrisworld.com\/en\/wp-json\/wp\/v2\/product_cat?post=3022"},{"taxonomy":"product_tag","embeddable":true,"href":"https:\/\/akrisworld.com\/en\/wp-json\/wp\/v2\/product_tag?post=3022"}],"curies":[{"name":"wp","href":"https:\/\/api.w.org\/{rel}","templated":true}]}}