{"id":3838,"date":"2024-03-01T13:34:02","date_gmt":"2024-03-01T13:34:02","guid":{"rendered":"https:\/\/akrisworld.com\/?post_type=product&#038;p=3838"},"modified":"2024-11-06T14:01:56","modified_gmt":"2024-11-06T14:01:56","slug":"cuadro-resina-playa-arena-negra","status":"publish","type":"product","link":"https:\/\/akrisworld.com\/en\/shop\/resin-art\/cuadro-resina-playa-arena-negra\/","title":{"rendered":"Cuadro resina playa arena negra"},"content":{"rendered":"<h1>Cuadro resina playa arena negra<\/h1>\n<p>Trae la calma de la playa a tu hogar con este cuadro \u00fanico. La combinaci\u00f3n de arena, piedrecitas negras y un mar azul brillante te transportar\u00e1 directamente a una playa volc\u00e1nica. Este cuadro de 30 x 30 x 2.5 cm est\u00e1 hecho a mano con resina epoxi sobre un panel ligero de madera, proporcionando un acabado brillante y transparente. Cada pieza es \u00fanica y viene con un colgador en la parte posterior para una f\u00e1cil exhibici\u00f3n. Ten en cuenta que al ser hecho a mano, puede presentar algunas peque\u00f1as imperfecciones en la superficie, lo que a\u00f1ade car\u00e1cter y autenticidad a esta obra de arte.<\/p>\n","protected":false},"excerpt":{"rendered":"<h1>Cuadro resina playa volc\u00e1nica<\/h1>\n<p>Vista a\u00e9rea de playa volc\u00e1nica negra con efecto espuma de mar hecha con resina epoxy sobre panel de madera cuadrado 30 x 30 x 2.5 cm. Incluye colgador por la parte de detr\u00e1s. Muy ligero, acabado brillante. Ten en cuenta que al ser hecho a mano, puede presentar algunas peque\u00f1as imperfecciones en la superficie, lo que a\u00f1ade car\u00e1cter y autenticidad a esta obra de arte.<\/p>\n","protected":false},"featured_media":3839,"template":"","meta":{"site-sidebar-layout":"default","site-content-layout":"","ast-site-content-layout":"default","site-content-style":"default","site-sidebar-style":"default","ast-global-header-display":"","ast-banner-title-visibility":"","ast-main-header-display":"","ast-hfb-above-header-display":"","ast-hfb-below-header-display":"","ast-hfb-mobile-header-display":"","site-post-title":"","ast-breadcrumbs-content":"","ast-featured-img":"","footer-sml-layout":"","ast-disable-related-posts":"","theme-transparent-header-meta":"default","adv-header-id-meta":"","stick-header-meta":"","header-above-stick-meta":"","header-main-stick-meta":"","header-below-stick-meta":"","astra-migrate-meta-layouts":"set","ast-page-background-enabled":"default","ast-page-background-meta":{"desktop":{"background-color":"var(--ast-global-color-4)","background-image":"","background-repeat":"repeat","background-position":"center center","background-size":"auto","background-attachment":"scroll","background-type":"","background-media":"","overlay-type":"","overlay-color":"","overlay-opacity":"","overlay-gradient":""},"tablet":{"background-color":"","background-image":"","background-repeat":"repeat","background-position":"center center","background-size":"auto","background-attachment":"scroll","background-type":"","background-media":"","overlay-type":"","overlay-color":"","overlay-opacity":"","overlay-gradient":""},"mobile":{"background-color":"","background-image":"","background-repeat":"repeat","background-position":"center center","background-size":"auto","background-attachment":"scroll","background-type":"","background-media":"","overlay-type":"","overlay-color":"","overlay-opacity":"","overlay-gradient":""}},"ast-content-background-meta":{"desktop":{"background-color":"var(--ast-global-color-5)","background-image":"","background-repeat":"repeat","background-position":"center center","background-size":"auto","background-attachment":"scroll","background-type":"","background-media":"","overlay-type":"","overlay-color":"","overlay-opacity":"","overlay-gradient":""},"tablet":{"background-color":"var(--ast-global-color-5)","background-image":"","background-repeat":"repeat","background-position":"center center","background-size":"auto","background-attachment":"scroll","background-type":"","background-media":"","overlay-type":"","overlay-color":"","overlay-opacity":"","overlay-gradient":""},"mobile":{"background-color":"var(--ast-global-color-5)","background-image":"","background-repeat":"repeat","background-position":"center center","background-size":"auto","background-attachment":"scroll","background-type":"","background-media":"","overlay-type":"","overlay-color":"","overlay-opacity":"","overlay-gradient":""}}},"product_brand":[],"product_cat":[36],"product_tag":[],"class_list":{"0":"post-3838","1":"product","2":"type-product","3":"status-publish","4":"has-post-thumbnail","6":"product_cat-resinas","7":"product_shipping_class-resinart","8":"desktop-align-center","9":"tablet-align-left","10":"mobile-align-left","11":"ast-product-gallery-layout-horizontal-slider","12":"ast-product-tabs-layout-horizontal","14":"first","15":"outofstock","16":"taxable","17":"shipping-taxable","18":"purchasable","19":"product-type-simple"},"_links":{"self":[{"href":"https:\/\/akrisworld.com\/en\/wp-json\/wp\/v2\/product\/3838","targetHints":{"allow":["GET"]}}],"collection":[{"href":"https:\/\/akrisworld.com\/en\/wp-json\/wp\/v2\/product"}],"about":[{"href":"https:\/\/akrisworld.com\/en\/wp-json\/wp\/v2\/types\/product"}],"wp:featuredmedia":[{"embeddable":true,"href":"https:\/\/akrisworld.com\/en\/wp-json\/wp\/v2\/media\/3839"}],"wp:attachment":[{"href":"https:\/\/akrisworld.com\/en\/wp-json\/wp\/v2\/media?parent=3838"}],"wp:term":[{"taxonomy":"product_brand","embeddable":true,"href":"https:\/\/akrisworld.com\/en\/wp-json\/wp\/v2\/product_brand?post=3838"},{"taxonomy":"product_cat","embeddable":true,"href":"https:\/\/akrisworld.com\/en\/wp-json\/wp\/v2\/product_cat?post=3838"},{"taxonomy":"product_tag","embeddable":true,"href":"https:\/\/akrisworld.com\/en\/wp-json\/wp\/v2\/product_tag?post=3838"}],"curies":[{"name":"wp","href":"https:\/\/api.w.org\/{rel}","templated":true}]}}