{"id":4338,"date":"2025-01-23T12:40:17","date_gmt":"2025-01-23T12:40:17","guid":{"rendered":"https:\/\/akrisworld.com\/?post_type=product&#038;p=4338"},"modified":"2025-02-14T22:01:53","modified_gmt":"2025-02-14T22:01:53","slug":"taller-de-acuarela-nivel-principiante-en-tarifa-2-febrero","status":"publish","type":"product","link":"https:\/\/akrisworld.com\/en\/shop\/workshops\/taller-de-acuarela-nivel-principiante-en-tarifa-2-febrero\/","title":{"rendered":"Taller de acuarela en Tarifa 2 de febrero"},"content":{"rendered":"<h1>Taller de acuarela para principiantes en Tarifa<\/h1>\n<p>&nbsp;<\/p>\n<p>El taller se realizar\u00e1 en el <strong>Restaurante Pachamama<\/strong> en Tarifa el <strong>domingo 2 de febrero de 2025<\/strong>\u00a0de <strong>9:30 a 12:30 h<\/strong>. Para asegurarnos de ofrecer una experiencia c\u00f3moda y personalizada, hemos limitado el grupo a un m\u00e1ximo de 10 personas. Todo el material estar\u00e1 incluido. En este taller, exploraremos diversos papeles y formatos de acuarela. Recomendado para personas que no hayan pintado en acuarela anteriormente o hayan practicado poco, y para mayores de 14 a\u00f1os.<\/p>\n<p>Aprender\u00e1s sobre los mejores materiales seg\u00fan tus objetivos y podr\u00e1s observar la evoluci\u00f3n de tu t\u00e9cnica en tan solo tres horas. Te contar\u00e9 todos los trucos para triunfar desde el primer momento.<\/p>\n<p>No pierdas la oportunidad de explorar tu creatividad y mejorar tus habilidades art\u00edsticas en un ambiente amigable y acogedor. Adem\u00e1s, te invito a un <strong>rico desayuno<\/strong>.<\/p>\n<p>Direcci\u00f3n: <strong>Restaurante Pachamama<\/strong>, Carretera C\u00e1diz-M\u00e1laga, KM 81, Tarifa, C\u00e1diz.<\/p>\n","protected":false},"excerpt":{"rendered":"<h2>Taller de acuarela en Tarifa<\/h2>\n<p>Reserva tu plaza para un taller de acuarela de nivel inicial en el bonito Restaurante Pachamama en <strong>Tarifa<\/strong>, el domingo 2 de febrero de 9:30 a 12:30 h, con un grupo limitado a 10 personas para una experiencia personalizada.<strong>\u00a0<\/strong>Todo el material necesario est\u00e1 incluido, y exploraremos diversos papeles y formatos. Aprender\u00e1s sobre los mejores materiales seg\u00fan tu estilo y podr\u00e1s ver tu t\u00e9cnica evolucionar en solo tres horas. \u00a1Adem\u00e1s te invito a un rico desayuno!<\/p>\n<p><b>Recomendado para aquellas personas que tengan poca o ninguna experiencia previa con cualquier tipo de pintura o con la acuarela en particular. <\/b><b>En este taller se dar\u00e1 una introducci\u00f3n a la acuarela te\u00f3rica y pr\u00e1ctica detallada.<\/b><\/p>\n<p>Explicaciones en espa\u00f1ol, italiano e ingl\u00e9s. No te pierdas la oportunidad de mejorar tus habilidades art\u00edsticas en un ambiente amigable y acogedor. \u00a1Te espero!<\/p>\n<p>Direcci\u00f3n: <strong>Restaurante Pachamama<\/strong>, Carretera C\u00e1diz-M\u00e1laga, KM 81, Tarifa, C\u00e1diz.<\/p>\n","protected":false},"featured_media":4340,"template":"","meta":{"site-sidebar-layout":"default","site-content-layout":"","ast-site-content-layout":"default","site-content-style":"default","site-sidebar-style":"default","ast-global-header-display":"","ast-banner-title-visibility":"","ast-main-header-display":"","ast-hfb-above-header-display":"","ast-hfb-below-header-display":"","ast-hfb-mobile-header-display":"","site-post-title":"","ast-breadcrumbs-content":"","ast-featured-img":"","footer-sml-layout":"","ast-disable-related-posts":"","theme-transparent-header-meta":"default","adv-header-id-meta":"","stick-header-meta":"default","header-above-stick-meta":"","header-main-stick-meta":"","header-below-stick-meta":"","astra-migrate-meta-layouts":"set","ast-page-background-enabled":"default","ast-page-background-meta":{"desktop":{"background-color":"var(--ast-global-color-4)","background-image":"","background-repeat":"repeat","background-position":"center center","background-size":"auto","background-attachment":"scroll","background-type":"","background-media":"","overlay-type":"","overlay-color":"","overlay-opacity":"","overlay-gradient":""},"tablet":{"background-color":"","background-image":"","background-repeat":"repeat","background-position":"center center","background-size":"auto","background-attachment":"scroll","background-type":"","background-media":"","overlay-type":"","overlay-color":"","overlay-opacity":"","overlay-gradient":""},"mobile":{"background-color":"","background-image":"","background-repeat":"repeat","background-position":"center center","background-size":"auto","background-attachment":"scroll","background-type":"","background-media":"","overlay-type":"","overlay-color":"","overlay-opacity":"","overlay-gradient":""}},"ast-content-background-meta":{"desktop":{"background-color":"var(--ast-global-color-5)","background-image":"","background-repeat":"repeat","background-position":"center center","background-size":"auto","background-attachment":"scroll","background-type":"","background-media":"","overlay-type":"","overlay-color":"","overlay-opacity":"","overlay-gradient":""},"tablet":{"background-color":"var(--ast-global-color-5)","background-image":"","background-repeat":"repeat","background-position":"center center","background-size":"auto","background-attachment":"scroll","background-type":"","background-media":"","overlay-type":"","overlay-color":"","overlay-opacity":"","overlay-gradient":""},"mobile":{"background-color":"var(--ast-global-color-5)","background-image":"","background-repeat":"repeat","background-position":"center center","background-size":"auto","background-attachment":"scroll","background-type":"","background-media":"","overlay-type":"","overlay-color":"","overlay-opacity":"","overlay-gradient":""}}},"product_brand":[],"product_cat":[68],"product_tag":[],"class_list":{"0":"post-4338","1":"product","2":"type-product","3":"status-publish","4":"has-post-thumbnail","6":"product_cat-cursos","7":"desktop-align-center","8":"tablet-align-left","9":"mobile-align-left","10":"ast-product-gallery-layout-horizontal-slider","11":"ast-product-tabs-layout-horizontal","13":"first","14":"outofstock","15":"virtual","16":"taxable","17":"purchasable","18":"product-type-simple"},"_links":{"self":[{"href":"https:\/\/akrisworld.com\/en\/wp-json\/wp\/v2\/product\/4338","targetHints":{"allow":["GET"]}}],"collection":[{"href":"https:\/\/akrisworld.com\/en\/wp-json\/wp\/v2\/product"}],"about":[{"href":"https:\/\/akrisworld.com\/en\/wp-json\/wp\/v2\/types\/product"}],"wp:featuredmedia":[{"embeddable":true,"href":"https:\/\/akrisworld.com\/en\/wp-json\/wp\/v2\/media\/4340"}],"wp:attachment":[{"href":"https:\/\/akrisworld.com\/en\/wp-json\/wp\/v2\/media?parent=4338"}],"wp:term":[{"taxonomy":"product_brand","embeddable":true,"href":"https:\/\/akrisworld.com\/en\/wp-json\/wp\/v2\/product_brand?post=4338"},{"taxonomy":"product_cat","embeddable":true,"href":"https:\/\/akrisworld.com\/en\/wp-json\/wp\/v2\/product_cat?post=4338"},{"taxonomy":"product_tag","embeddable":true,"href":"https:\/\/akrisworld.com\/en\/wp-json\/wp\/v2\/product_tag?post=4338"}],"curies":[{"name":"wp","href":"https:\/\/api.w.org\/{rel}","templated":true}]}}