{"id":6649,"date":"2025-05-07T17:26:47","date_gmt":"2025-05-07T17:26:47","guid":{"rendered":"https:\/\/akrisworld.com\/?post_type=product&#038;p=6649"},"modified":"2025-06-14T07:27:58","modified_gmt":"2025-06-14T07:27:58","slug":"watercolour-workshop-in-tarifa-21-june","status":"publish","type":"product","link":"https:\/\/akrisworld.com\/en\/shop\/workshops\/watercolour-workshop-in-tarifa-21-june\/","title":{"rendered":"Watercolour Workshop in Tarifa 21 June"},"content":{"rendered":"<h1><strong>Intensive Watercolour Workshop in Tarifa<\/strong><\/h1>\n<p>The workshop will take place at <strong>Restaurante Pachamama<\/strong>, in Tarifa, on Saturday 21 June 2025, from 9:30 am to 12:30 pm. To ensure a comfortable and personalised experience, the group will be limited to a maximum of 10 participants. All necessary materials are included.<\/p>\n<p>During the session, we will explore various types of watercolour paper and formats. The workshop is suitable for all levels, and <strong>no previous experience is required<\/strong>. Recommended for ages 14 and up.<\/p>\n<p>You will learn how to choose the most suitable materials based on your goals and will be able to observe the progress of your technique in just three hours. Don\u2019t miss the chance to unlock your creativity and enhance your artistic skills in a warm and welcoming atmosphere. A <strong>delicious breakfast<\/strong> is also included.<\/p>\n<p>\ud83d\udccd Address: Restaurante Pachamama, Carretera C\u00e1diz-M\u00e1laga, KM 81, Tarifa, C\u00e1diz.<\/p>\n","protected":false},"excerpt":{"rendered":"<h2 data-start=\"53\" data-end=\"186\"><strong data-start=\"53\" data-end=\"87\">Watercolour Workshop in Tarifa<\/strong><\/h2>\n<p class=\"\" data-start=\"53\" data-end=\"186\"><br data-start=\"87\" data-end=\"90\" \/>Book your place for a beginner-friendly watercolour workshop at Restaurante Pachamama in Tarifa.<\/p>\n<p class=\"\" data-start=\"188\" data-end=\"492\">Small group (maximum 10 participants). Materials and breakfast included.<br data-start=\"260\" data-end=\"263\" \/>We will explore different types of paper and watercolour formats \u2013 suitable for all levels from age 14 and up.<br data-start=\"373\" data-end=\"376\" \/>In just three hours, you&#8217;ll be able to improve your technique and develop your creativity in a welcoming atmosphere.<\/p>\n<p class=\"\" data-start=\"494\" data-end=\"583\">The workshop can be taught in Spanish, English, or Italian.<br data-start=\"553\" data-end=\"556\" \/>Book your place in advance!<\/p>\n<p class=\"\" data-start=\"585\" data-end=\"666\"><strong data-start=\"585\" data-end=\"597\">Address:<\/strong> Restaurante Pachamama, Carretera C\u00e1diz-M\u00e1laga, KM 81, Tarifa, C\u00e1diz.<\/p>\n","protected":false},"featured_media":6648,"template":"","meta":{"site-sidebar-layout":"default","site-content-layout":"","ast-site-content-layout":"default","site-content-style":"default","site-sidebar-style":"default","ast-global-header-display":"","ast-banner-title-visibility":"","ast-main-header-display":"","ast-hfb-above-header-display":"","ast-hfb-below-header-display":"","ast-hfb-mobile-header-display":"","site-post-title":"","ast-breadcrumbs-content":"","ast-featured-img":"","footer-sml-layout":"","ast-disable-related-posts":"","theme-transparent-header-meta":"default","adv-header-id-meta":"","stick-header-meta":"default","header-above-stick-meta":"","header-main-stick-meta":"","header-below-stick-meta":"","astra-migrate-meta-layouts":"set","ast-page-background-enabled":"default","ast-page-background-meta":{"desktop":{"background-color":"var(--ast-global-color-4)","background-image":"","background-repeat":"repeat","background-position":"center center","background-size":"auto","background-attachment":"scroll","background-type":"","background-media":"","overlay-type":"","overlay-color":"","overlay-opacity":"","overlay-gradient":""},"tablet":{"background-color":"","background-image":"","background-repeat":"repeat","background-position":"center center","background-size":"auto","background-attachment":"scroll","background-type":"","background-media":"","overlay-type":"","overlay-color":"","overlay-opacity":"","overlay-gradient":""},"mobile":{"background-color":"","background-image":"","background-repeat":"repeat","background-position":"center center","background-size":"auto","background-attachment":"scroll","background-type":"","background-media":"","overlay-type":"","overlay-color":"","overlay-opacity":"","overlay-gradient":""}},"ast-content-background-meta":{"desktop":{"background-color":"var(--ast-global-color-5)","background-image":"","background-repeat":"repeat","background-position":"center center","background-size":"auto","background-attachment":"scroll","background-type":"","background-media":"","overlay-type":"","overlay-color":"","overlay-opacity":"","overlay-gradient":""},"tablet":{"background-color":"var(--ast-global-color-5)","background-image":"","background-repeat":"repeat","background-position":"center center","background-size":"auto","background-attachment":"scroll","background-type":"","background-media":"","overlay-type":"","overlay-color":"","overlay-opacity":"","overlay-gradient":""},"mobile":{"background-color":"var(--ast-global-color-5)","background-image":"","background-repeat":"repeat","background-position":"center center","background-size":"auto","background-attachment":"scroll","background-type":"","background-media":"","overlay-type":"","overlay-color":"","overlay-opacity":"","overlay-gradient":""}}},"product_brand":[],"product_cat":[233],"product_tag":[],"class_list":{"0":"post-6649","1":"product","2":"type-product","3":"status-publish","4":"has-post-thumbnail","6":"product_cat-workshops","7":"desktop-align-center","8":"tablet-align-left","9":"mobile-align-left","10":"ast-product-gallery-layout-horizontal-slider","11":"ast-product-gallery-with-no-image","12":"ast-product-tabs-layout-horizontal","14":"first","15":"outofstock","16":"virtual","17":"taxable","18":"purchasable","19":"product-type-simple"},"_links":{"self":[{"href":"https:\/\/akrisworld.com\/en\/wp-json\/wp\/v2\/product\/6649","targetHints":{"allow":["GET"]}}],"collection":[{"href":"https:\/\/akrisworld.com\/en\/wp-json\/wp\/v2\/product"}],"about":[{"href":"https:\/\/akrisworld.com\/en\/wp-json\/wp\/v2\/types\/product"}],"wp:featuredmedia":[{"embeddable":true,"href":"https:\/\/akrisworld.com\/en\/wp-json\/wp\/v2\/media\/6648"}],"wp:attachment":[{"href":"https:\/\/akrisworld.com\/en\/wp-json\/wp\/v2\/media?parent=6649"}],"wp:term":[{"taxonomy":"product_brand","embeddable":true,"href":"https:\/\/akrisworld.com\/en\/wp-json\/wp\/v2\/product_brand?post=6649"},{"taxonomy":"product_cat","embeddable":true,"href":"https:\/\/akrisworld.com\/en\/wp-json\/wp\/v2\/product_cat?post=6649"},{"taxonomy":"product_tag","embeddable":true,"href":"https:\/\/akrisworld.com\/en\/wp-json\/wp\/v2\/product_tag?post=6649"}],"curies":[{"name":"wp","href":"https:\/\/api.w.org\/{rel}","templated":true}]}}