{"id":6887,"date":"2025-10-10T14:07:18","date_gmt":"2025-10-10T14:07:18","guid":{"rendered":"https:\/\/akrisworld.com\/?post_type=product&#038;p=6887"},"modified":"2025-10-10T15:00:18","modified_gmt":"2025-10-10T15:00:18","slug":"watercolour-workshop-in-granada-17-october-2025","status":"publish","type":"product","link":"https:\/\/akrisworld.com\/en\/shop\/workshops\/watercolour-workshop-in-granada-17-october-2025\/","title":{"rendered":"Watercolour Workshop in Granada 17 October"},"content":{"rendered":"<h1>Watercolour workshop in Granada<\/h1>\n<p><\/p>\n<p>El taller se realizar\u00e1 en <a href=\"https:\/\/maps.app.goo.gl\/ZPWF2CCb3s7Fmkoq9\" data-mce-href=\"https:\/\/maps.app.goo.gl\/ZPWF2CCb3s7Fmkoq9\" data-mce- target=\"_blank\" rel=\"noopener\">Placeta Lavadero 1<\/a>, un espacio creativo para artistas en Granada el <strong>viernes 17 de octubre de 2025<\/strong>&nbsp;de <strong>17:30 a 20:30 h<\/strong>. Para asegurarnos de ofrecer una experiencia c\u00f3moda y personalizada, hemos limitado el grupo a un m\u00e1ximo de 8 personas. Todo el material estar\u00e1 incluido. En este taller, exploraremos diversas t\u00e9cnicas y formatos de acuarela. Recomendado para personas que no hayan pintado en acuarela anteriormente o hayan practicado poco y quieran mejorar. Apto para mayores de 14 a\u00f1os.<\/p>\n<p>Aprender\u00e1s sobre los mejores materiales seg\u00fan tus objetivos y podr\u00e1s observar la evoluci\u00f3n de tu t\u00e9cnica en tan solo tres horas.<\/p>\n<p>No pierdas la oportunidad de explorar tu creatividad y mejorar tus habilidades art\u00edsticas en un ambiente amigable y acogedor. \u00a1Espero verte pronto!<\/p>\n<p>Direcci\u00f3n: Placeta del Lavadero 1, 18009 Granada<\/p>\n","protected":false},"excerpt":{"rendered":"<h2>Watercolour workshop in Granada<\/h2>\n<p data-start=\"269\" data-end=\"596\"><br data-mce-bogus=\"1\"><\/p>\n<p data-start=\"0\" data-end=\"288\">Discover the <strong>art of watercolour<\/strong> in an <strong>in-person workshop for beginners<\/strong> in the heart of Granada, on <strong>Friday, 17 October 2025<\/strong>, from <strong>17:30 to 20:30<\/strong>, at <a href=\"https:\/\/maps.app.goo.gl\/ZPWF2CCb3s7Fmkoq9\" data-mce-href=\"https:\/\/maps.app.goo.gl\/ZPWF2CCb3s7Fmkoq9\">Placeta del Lavadero 1<\/a>  <strong>(18009, Realejo Granada)<\/strong>.<br data-start=\"196\" data-end=\"199\">The group is small (maximum 8 people) to ensure a <strong>personalised and friendly experience<\/strong>.<\/p>\n<p data-start=\"290\" data-end=\"503\"><strong>All materials are included<\/strong>, so you only need to come with the desire to learn. Over the course of three hours, you will explore <strong>basic techniques and different formats<\/strong>, seeing how your skill evolves step by step.<\/p>\n<p data-start=\"505\" data-end=\"741\">This workshop is <strong>recommended for people with no previous experience<\/strong> or with basic knowledge of painting or watercolour. You will learn the theoretical and practical foundations of the technique while creating <strong>two complete pieces<\/strong>:<\/p>\n<ul>\n<li data-start=\"743\" data-end=\"843\">A <strong>monochromatic<\/strong> one, to master the use of water, the brush, and the contrasts of light and shadow.<\/li>\n<li data-start=\"845\" data-end=\"946\">And another in <strong>colour<\/strong>, where you will experiment with <strong>mixtures, gradients, and colour combinations<\/strong>.<\/li>\n<\/ul>\n<p data-start=\"948\" data-end=\"1064\">I will share with you professional<strong> tips and advice<\/strong> so that you achieve surprising results from the very first day.<\/p>\n<p data-start=\"1066\" data-end=\"1205\">Explanations available in <strong>Spanish, Italian<\/strong> and <strong>English<\/strong>.<br data-start=\"1121\" data-end=\"1124\">Come and enjoy a creative afternoon in a cosy, <strong>relaxed and artistic atmosphere<\/strong>.<\/p>\n<p data-start=\"1207\" data-end=\"1249\" data-is-last-node=\"\" data-is-only-node=\"\">Address: Placeta Lavadero 1, 18009 Granada<\/p>\n","protected":false},"featured_media":6889,"template":"","meta":{"site-sidebar-layout":"default","site-content-layout":"","ast-site-content-layout":"default","site-content-style":"default","site-sidebar-style":"default","ast-global-header-display":"","ast-banner-title-visibility":"","ast-main-header-display":"","ast-hfb-above-header-display":"","ast-hfb-below-header-display":"","ast-hfb-mobile-header-display":"","site-post-title":"","ast-breadcrumbs-content":"","ast-featured-img":"","footer-sml-layout":"","ast-disable-related-posts":"","theme-transparent-header-meta":"default","adv-header-id-meta":"","stick-header-meta":"default","header-above-stick-meta":"","header-main-stick-meta":"","header-below-stick-meta":"","astra-migrate-meta-layouts":"set","ast-page-background-enabled":"default","ast-page-background-meta":{"desktop":{"background-color":"var(--ast-global-color-4)","background-image":"","background-repeat":"repeat","background-position":"center center","background-size":"auto","background-attachment":"scroll","background-type":"","background-media":"","overlay-type":"","overlay-color":"","overlay-opacity":"","overlay-gradient":""},"tablet":{"background-color":"","background-image":"","background-repeat":"repeat","background-position":"center center","background-size":"auto","background-attachment":"scroll","background-type":"","background-media":"","overlay-type":"","overlay-color":"","overlay-opacity":"","overlay-gradient":""},"mobile":{"background-color":"","background-image":"","background-repeat":"repeat","background-position":"center center","background-size":"auto","background-attachment":"scroll","background-type":"","background-media":"","overlay-type":"","overlay-color":"","overlay-opacity":"","overlay-gradient":""}},"ast-content-background-meta":{"desktop":{"background-color":"var(--ast-global-color-5)","background-image":"","background-repeat":"repeat","background-position":"center center","background-size":"auto","background-attachment":"scroll","background-type":"","background-media":"","overlay-type":"","overlay-color":"","overlay-opacity":"","overlay-gradient":""},"tablet":{"background-color":"var(--ast-global-color-5)","background-image":"","background-repeat":"repeat","background-position":"center center","background-size":"auto","background-attachment":"scroll","background-type":"","background-media":"","overlay-type":"","overlay-color":"","overlay-opacity":"","overlay-gradient":""},"mobile":{"background-color":"var(--ast-global-color-5)","background-image":"","background-repeat":"repeat","background-position":"center center","background-size":"auto","background-attachment":"scroll","background-type":"","background-media":"","overlay-type":"","overlay-color":"","overlay-opacity":"","overlay-gradient":""}}},"product_brand":[],"product_cat":[233],"product_tag":[],"class_list":{"0":"post-6887","1":"product","2":"type-product","3":"status-publish","4":"has-post-thumbnail","6":"product_cat-workshops","7":"desktop-align-center","8":"tablet-align-left","9":"mobile-align-left","10":"ast-product-gallery-layout-horizontal-slider","11":"ast-product-gallery-with-no-image","12":"ast-product-tabs-layout-horizontal","14":"first","15":"outofstock","16":"virtual","17":"taxable","18":"purchasable","19":"product-type-simple"},"_links":{"self":[{"href":"https:\/\/akrisworld.com\/en\/wp-json\/wp\/v2\/product\/6887","targetHints":{"allow":["GET"]}}],"collection":[{"href":"https:\/\/akrisworld.com\/en\/wp-json\/wp\/v2\/product"}],"about":[{"href":"https:\/\/akrisworld.com\/en\/wp-json\/wp\/v2\/types\/product"}],"wp:featuredmedia":[{"embeddable":true,"href":"https:\/\/akrisworld.com\/en\/wp-json\/wp\/v2\/media\/6889"}],"wp:attachment":[{"href":"https:\/\/akrisworld.com\/en\/wp-json\/wp\/v2\/media?parent=6887"}],"wp:term":[{"taxonomy":"product_brand","embeddable":true,"href":"https:\/\/akrisworld.com\/en\/wp-json\/wp\/v2\/product_brand?post=6887"},{"taxonomy":"product_cat","embeddable":true,"href":"https:\/\/akrisworld.com\/en\/wp-json\/wp\/v2\/product_cat?post=6887"},{"taxonomy":"product_tag","embeddable":true,"href":"https:\/\/akrisworld.com\/en\/wp-json\/wp\/v2\/product_tag?post=6887"}],"curies":[{"name":"wp","href":"https:\/\/api.w.org\/{rel}","templated":true}]}}